{"id":125,"date":"2016-09-01T13:54:12","date_gmt":"2016-09-01T13:54:12","guid":{"rendered":"http:\/\/www.orotbodega.com\/~meat\/?page_id=125"},"modified":"2016-09-01T14:09:28","modified_gmt":"2016-09-01T14:09:28","slug":"the-company-2","status":"publish","type":"page","link":"https:\/\/www.orotbodega.com\/en\/the-company-2\/","title":{"rendered":"The Company 2"},"content":{"rendered":"[vc_row full_width=&#8221;stretch_row_content_no_spaces&#8221; equal_height=&#8221;yes&#8221; content_placement=&#8221;middle&#8221; dot_nav=&#8221;yes&#8221; dot_nav_text=&#8221;Company 1&#8243; css=&#8221;.vc_custom_1472641095785{padding-top: 0px !important;padding-bottom: 0px !important;}&#8221; el_id=&#8221;Company 1&#8243;][vc_column width=&#8221;1\/2&#8243; css=&#8221;.vc_custom_1472640182283{background-image: url(http:\/\/www.orotbodega.com\/~meat\/wp-content\/uploads\/2016\/08\/blog-1.jpg?id=11) !important;background-position: center !important;background-repeat: no-repeat !important;background-size: cover !important;}&#8221;][\/vc_column][vc_column width=&#8221;1\/2&#8243; css=&#8221;.vc_custom_1472719713625{padding-top: 70px !important;padding-right: 15% !important;padding-bottom: 70px !important;padding-left: 15% !important;}&#8221;][vc_custom_heading text=&#8221;D.O. RUEDA&#8221; font_container=&#8221;tag:h5|font_size:16|text_align:center|color:%23af0537&#8243; google_fonts=&#8221;font_family:Raleway%3A100%2C200%2C300%2Cregular%2C500%2C600%2C700%2C800%2C900|font_style:300%20light%20regular%3A300%3Anormal&#8221; css=&#8221;.vc_custom_1472730810860{margin-bottom: 26px !important;}&#8221; el_class=&#8221;letter-spacing&#8221;][vc_column_text]\n<p style=\"text-align: center;\">Fundada en 1953 y ubicada en Puente La Reina, en pleno coraz\u00f3n del Camino de Santiago, Se\u00f1or\u00edo de Sarr\u00eda se encuentra en una zona que ofrece unas condiciones inmejorables de clima y suelo, lo que permite la elaboraci\u00f3n de una gama de vinos de la m\u00e1xima calidad.<\/p>\n[\/vc_column_text]<div class=\"pix_button button-center\"><a href=\"#\"  class=\"clear btn btn-outline btn-hover-outline btn-rectangle  btn-md no-color btn-hover-no-color\">VISITAR LA WEB<\/a><\/div>[\/vc_column][\/vc_row][vc_row full_width=&#8221;stretch_row_content_no_spaces&#8221; equal_height=&#8221;yes&#8221; content_placement=&#8221;middle&#8221; dot_nav=&#8221;yes&#8221; dot_nav_text=&#8221;Company 2&#8243; css=&#8221;.vc_custom_1472641110702{padding-top: 0px !important;padding-bottom: 0px !important;}&#8221; el_id=&#8221;Company 2&#8243;][vc_column width=&#8221;1\/2&#8243; css=&#8221;.vc_custom_1472719749634{padding-top: 70px !important;padding-right: 15% !important;padding-bottom: 70px !important;padding-left: 15% !important;background-position: center !important;background-repeat: no-repeat !important;background-size: cover !important;}&#8221;][vc_single_image image=&#8221;14&#8243; img_size=&#8221;full&#8221; alignment=&#8221;center&#8221; css=&#8221;.vc_custom_1472640413312{margin-bottom: 42px !important;}&#8221;][vc_custom_heading text=&#8221;Company Name&#8221; font_container=&#8221;tag:h3|font_size:21|text_align:center|color:%23000000&#8243; google_fonts=&#8221;font_family:Raleway%3A100%2C200%2C300%2Cregular%2C500%2C600%2C700%2C800%2C900|font_style:600%20bold%20regular%3A600%3Anormal&#8221; css=&#8221;.vc_custom_1472640701090{margin-bottom: 1px !important;}&#8221;][vc_custom_heading text=&#8221;Type some sub title here&#8221; font_container=&#8221;tag:h5|font_size:13|text_align:center|color:%23af0537&#8243; google_fonts=&#8221;font_family:Raleway%3A100%2C200%2C300%2Cregular%2C500%2C600%2C700%2C800%2C900|font_style:300%20light%20regular%3A300%3Anormal&#8221; css=&#8221;.vc_custom_1472640717089{margin-bottom: 26px !important;}&#8221; el_class=&#8221;letter-spacing&#8221;][vc_column_text]\n<p style=\"text-align: center;\">Conveniently communicate sticky processes after cooperative outsourcing. Distinctively productive principle-centered customer service without best-of-breed markets. Assertively promote wireless e-commerce for end-to-end infrastructures. Assertively enhance compelling web services before sustainable initiatives.<\/p>\n[\/vc_column_text]<div class=\"pix_button button-center\"><a href=\"#\"  class=\"clear btn btn-outline btn-hover-outline btn-rectangle  btn-md no-color btn-hover-no-color\">VISITAR LA WEB<\/a><\/div>[\/vc_column][vc_column width=&#8221;1\/2&#8243; css=&#8221;.vc_custom_1472640876961{background-image: url(http:\/\/www.orotbodega.com\/~meat\/wp-content\/uploads\/2016\/08\/blog-2.jpg?id=17) !important;background-position: center !important;background-repeat: no-repeat !important;background-size: cover !important;}&#8221;][\/vc_column][\/vc_row][vc_row full_width=&#8221;stretch_row_content_no_spaces&#8221; equal_height=&#8221;yes&#8221; content_placement=&#8221;middle&#8221; dot_nav=&#8221;yes&#8221; dot_nav_text=&#8221;Company 3&#8243; css=&#8221;.vc_custom_1472641126080{padding-top: 0px !important;padding-bottom: 0px !important;}&#8221; el_id=&#8221;Company 3&#8243;][vc_column width=&#8221;1\/2&#8243; css=&#8221;.vc_custom_1472640182283{background-image: url(http:\/\/www.orotbodega.com\/~meat\/wp-content\/uploads\/2016\/08\/blog-1.jpg?id=11) !important;background-position: center !important;background-repeat: no-repeat !important;background-size: cover !important;}&#8221;][\/vc_column][vc_column width=&#8221;1\/2&#8243; css=&#8221;.vc_custom_1472719762728{padding-top: 70px !important;padding-right: 15% !important;padding-bottom: 70px !important;padding-left: 15% !important;}&#8221;][vc_single_image image=&#8221;14&#8243; img_size=&#8221;full&#8221; alignment=&#8221;center&#8221; css=&#8221;.vc_custom_1472640413312{margin-bottom: 42px !important;}&#8221;][vc_custom_heading text=&#8221;Company Name&#8221; font_container=&#8221;tag:h3|font_size:21|text_align:center|color:%23000000&#8243; google_fonts=&#8221;font_family:Raleway%3A100%2C200%2C300%2Cregular%2C500%2C600%2C700%2C800%2C900|font_style:600%20bold%20regular%3A600%3Anormal&#8221; css=&#8221;.vc_custom_1472640701090{margin-bottom: 1px !important;}&#8221;][vc_custom_heading text=&#8221;Type some sub title here&#8221; font_container=&#8221;tag:h5|font_size:13|text_align:center|color:%23af0537&#8243; google_fonts=&#8221;font_family:Raleway%3A100%2C200%2C300%2Cregular%2C500%2C600%2C700%2C800%2C900|font_style:300%20light%20regular%3A300%3Anormal&#8221; css=&#8221;.vc_custom_1472640717089{margin-bottom: 26px !important;}&#8221; el_class=&#8221;letter-spacing&#8221;][vc_column_text]\n<p style=\"text-align: center;\">Conveniently communicate sticky processes after cooperative outsourcing. Distinctively productive principle-centered customer service without best-of-breed markets. Assertively promote wireless e-commerce for end-to-end infrastructures. Assertively enhance compelling web services before sustainable initiatives.<\/p>\n[\/vc_column_text]<div class=\"pix_button button-center\"><a href=\"#\"  class=\"clear btn btn-outline btn-hover-outline btn-rectangle  btn-md no-color btn-hover-no-color\">VISITAR LA WEB<\/a><\/div>[\/vc_column][\/vc_row][vc_row full_width=&#8221;stretch_row_content_no_spaces&#8221; equal_height=&#8221;yes&#8221; content_placement=&#8221;middle&#8221; dot_nav=&#8221;yes&#8221; dot_nav_text=&#8221;Company 4&#8243; css=&#8221;.vc_custom_1472641137208{padding-top: 0px !important;padding-bottom: 0px !important;}&#8221; el_id=&#8221;Company 4&#8243;][vc_column width=&#8221;1\/2&#8243; css=&#8221;.vc_custom_1472719774664{padding-top: 70px !important;padding-right: 15% !important;padding-bottom: 70px !important;padding-left: 15% !important;background-position: center !important;background-repeat: no-repeat !important;background-size: cover !important;}&#8221;][vc_single_image image=&#8221;14&#8243; img_size=&#8221;full&#8221; alignment=&#8221;center&#8221; css=&#8221;.vc_custom_1472640413312{margin-bottom: 42px !important;}&#8221;][vc_custom_heading text=&#8221;Company Name&#8221; font_container=&#8221;tag:h3|font_size:21|text_align:center|color:%23000000&#8243; google_fonts=&#8221;font_family:Raleway%3A100%2C200%2C300%2Cregular%2C500%2C600%2C700%2C800%2C900|font_style:600%20bold%20regular%3A600%3Anormal&#8221; css=&#8221;.vc_custom_1472640701090{margin-bottom: 1px !important;}&#8221;][vc_custom_heading text=&#8221;Type some sub title here&#8221; font_container=&#8221;tag:h5|font_size:13|text_align:center|color:%23af0537&#8243; google_fonts=&#8221;font_family:Raleway%3A100%2C200%2C300%2Cregular%2C500%2C600%2C700%2C800%2C900|font_style:300%20light%20regular%3A300%3Anormal&#8221; css=&#8221;.vc_custom_1472640717089{margin-bottom: 26px !important;}&#8221; el_class=&#8221;letter-spacing&#8221;][vc_column_text]\n<p style=\"text-align: center;\">Conveniently communicate sticky processes after cooperative outsourcing. Distinctively productive principle-centered customer service without best-of-breed markets. Assertively promote wireless e-commerce for end-to-end infrastructures. Assertively enhance compelling web services before sustainable initiatives.<\/p>\n[\/vc_column_text]<div class=\"pix_button button-center\"><a href=\"#\"  class=\"clear btn btn-outline btn-hover-outline btn-rectangle  btn-md no-color btn-hover-no-color\">VISITAR LA WEB<\/a><\/div>[\/vc_column][vc_column width=&#8221;1\/2&#8243; css=&#8221;.vc_custom_1472640876961{background-image: url(http:\/\/www.orotbodega.com\/~meat\/wp-content\/uploads\/2016\/08\/blog-2.jpg?id=17) !important;background-position: center !important;background-repeat: no-repeat !important;background-size: cover !important;}&#8221;][\/vc_column][\/vc_row][vc_row full_width=&#8221;stretch_row_content_no_spaces&#8221; equal_height=&#8221;yes&#8221; content_placement=&#8221;middle&#8221; dot_nav=&#8221;yes&#8221; dot_nav_text=&#8221;Company 5&#8243; css=&#8221;.vc_custom_1472641148178{padding-top: 0px !important;padding-bottom: 0px !important;}&#8221; el_id=&#8221;Company 5&#8243;][vc_column width=&#8221;1\/2&#8243; css=&#8221;.vc_custom_1472640182283{background-image: url(http:\/\/www.orotbodega.com\/~meat\/wp-content\/uploads\/2016\/08\/blog-1.jpg?id=11) !important;background-position: center !important;background-repeat: no-repeat !important;background-size: cover !important;}&#8221;][\/vc_column][vc_column width=&#8221;1\/2&#8243; css=&#8221;.vc_custom_1472719784287{padding-top: 70px !important;padding-right: 15% !important;padding-bottom: 70px !important;padding-left: 15% !important;}&#8221;][vc_single_image image=&#8221;14&#8243; img_size=&#8221;full&#8221; alignment=&#8221;center&#8221; css=&#8221;.vc_custom_1472640413312{margin-bottom: 42px !important;}&#8221;][vc_custom_heading text=&#8221;Company Name&#8221; font_container=&#8221;tag:h3|font_size:21|text_align:center|color:%23000000&#8243; google_fonts=&#8221;font_family:Raleway%3A100%2C200%2C300%2Cregular%2C500%2C600%2C700%2C800%2C900|font_style:600%20bold%20regular%3A600%3Anormal&#8221; css=&#8221;.vc_custom_1472640701090{margin-bottom: 1px !important;}&#8221;][vc_custom_heading text=&#8221;Type some sub title here&#8221; font_container=&#8221;tag:h5|font_size:13|text_align:center|color:%23af0537&#8243; google_fonts=&#8221;font_family:Raleway%3A100%2C200%2C300%2Cregular%2C500%2C600%2C700%2C800%2C900|font_style:300%20light%20regular%3A300%3Anormal&#8221; css=&#8221;.vc_custom_1472640717089{margin-bottom: 26px !important;}&#8221; el_class=&#8221;letter-spacing&#8221;][vc_column_text]\n<p style=\"text-align: center;\">Conveniently communicate sticky processes after cooperative outsourcing. Distinctively productive principle-centered customer service without best-of-breed markets. Assertively promote wireless e-commerce for end-to-end infrastructures. Assertively enhance compelling web services before sustainable initiatives.<\/p>\n[\/vc_column_text]<div class=\"pix_button button-center\"><a href=\"#\"  class=\"clear btn btn-outline btn-hover-outline btn-rectangle  btn-md no-color btn-hover-no-color\">VISITAR LA WEB<\/a><\/div>[\/vc_column][\/vc_row]\n","protected":false},"excerpt":{"rendered":"<p>[vc_row full_width=&#8221;stretch_row_content_no_spaces&#8221; equal_height=&#8221;yes&#8221; content_placement=&#8221;middle&#8221; dot_nav=&#8221;yes&#8221; dot_nav_text=&#8221;Company 1&#8243; css=&#8221;.vc_custom_1472641095785{padding-top: 0px !important;padding-bottom: 0px !important;}&#8221; el_id=&#8221;Company 1&#8243;][vc_column width=&#8221;1\/2&#8243; css=&#8221;.vc_custom_1472640182283{background-image: url(http:\/\/www.orotbodega.com\/~meat\/wp-content\/uploads\/2016\/08\/blog-1.jpg?id=11) !important;background-position: center !important;background-repeat: no-repeat !important;background-size: cover !important;}&#8221;][\/vc_column][vc_column width=&#8221;1\/2&#8243; css=&#8221;.vc_custom_1472719713625{padding-top: 70px !important;padding-right: 15% !important;padding-bottom: 70px !important;padding-left: 15% !important;}&#8221;][vc_custom_heading text=&#8221;D.O. RUEDA&#8221; font_container=&#8221;tag:h5|font_size:16|text_align:center|color:%23af0537&#8243; google_fonts=&#8221;font_family:Raleway%3A100%2C200%2C300%2Cregular%2C500%2C600%2C700%2C800%2C900|font_style:300%20light%20regular%3A300%3Anormal&#8221; css=&#8221;.vc_custom_1472730810860{margin-bottom: 26px&#8230;<\/p>\n","protected":false},"author":1,"featured_media":0,"parent":0,"menu_order":0,"comment_status":"closed","ping_status":"closed","template":"","meta":[],"yoast_head":"<!-- This site is optimized with the Yoast SEO plugin v20.10 - https:\/\/yoast.com\/wordpress\/plugins\/seo\/ -->\n<title>The Company 2 - Bodegas Orot<\/title>\n<meta name=\"robots\" content=\"index, follow, max-snippet:-1, max-image-preview:large, max-video-preview:-1\" \/>\n<link rel=\"canonical\" href=\"https:\/\/www.orotbodega.com\/en\/the-company-2\/\" \/>\n<meta property=\"og:locale\" content=\"en_US\" \/>\n<meta property=\"og:type\" content=\"article\" \/>\n<meta property=\"og:title\" content=\"The Company 2 - Bodegas Orot\" \/>\n<meta property=\"og:description\" content=\"[vc_row full_width=&#8221;stretch_row_content_no_spaces&#8221; equal_height=&#8221;yes&#8221; content_placement=&#8221;middle&#8221; dot_nav=&#8221;yes&#8221; dot_nav_text=&#8221;Company 1&#8243; css=&#8221;.vc_custom_1472641095785{padding-top: 0px !important;padding-bottom: 0px !important;}&#8221; el_id=&#8221;Company 1&#8243;][vc_column width=&#8221;1\/2&#8243; css=&#8221;.vc_custom_1472640182283{background-image: url(http:\/\/www.orotbodega.com\/~meat\/wp-content\/uploads\/2016\/08\/blog-1.jpg?id=11) !important;background-position: center !important;background-repeat: no-repeat !important;background-size: cover !important;}&#8221;][\/vc_column][vc_column width=&#8221;1\/2&#8243; css=&#8221;.vc_custom_1472719713625{padding-top: 70px !important;padding-right: 15% !important;padding-bottom: 70px !important;padding-left: 15% !important;}&#8221;][vc_custom_heading text=&#8221;D.O. RUEDA&#8221; font_container=&#8221;tag:h5|font_size:16|text_align:center|color:%23af0537&#8243; google_fonts=&#8221;font_family:Raleway%3A100%2C200%2C300%2Cregular%2C500%2C600%2C700%2C800%2C900|font_style:300%20light%20regular%3A300%3Anormal&#8221; css=&#8221;.vc_custom_1472730810860{margin-bottom: 26px...\" \/>\n<meta property=\"og:url\" content=\"https:\/\/www.orotbodega.com\/en\/the-company-2\/\" \/>\n<meta property=\"og:site_name\" content=\"Bodegas Orot\" \/>\n<meta property=\"article:publisher\" content=\"https:\/\/www.facebook.com\/clubbornos\" \/>\n<meta property=\"article:modified_time\" content=\"2016-09-01T14:09:28+00:00\" \/>\n<meta name=\"twitter:card\" content=\"summary_large_image\" \/>\n<meta name=\"twitter:site\" content=\"@clubbornos\" \/>\n<meta name=\"twitter:label1\" content=\"Est. reading time\" \/>\n\t<meta name=\"twitter:data1\" content=\"6 minutes\" \/>\n<script type=\"application\/ld+json\" class=\"yoast-schema-graph\">{\"@context\":\"https:\/\/schema.org\",\"@graph\":[{\"@type\":\"WebPage\",\"@id\":\"https:\/\/www.orotbodega.com\/en\/the-company-2\/\",\"url\":\"https:\/\/www.orotbodega.com\/en\/the-company-2\/\",\"name\":\"The Company 2 - Bodegas Orot\",\"isPartOf\":{\"@id\":\"https:\/\/www.orotbodega.com\/#website\"},\"datePublished\":\"2016-09-01T13:54:12+00:00\",\"dateModified\":\"2016-09-01T14:09:28+00:00\",\"breadcrumb\":{\"@id\":\"https:\/\/www.orotbodega.com\/en\/the-company-2\/#breadcrumb\"},\"inLanguage\":\"en-US\",\"potentialAction\":[{\"@type\":\"ReadAction\",\"target\":[\"https:\/\/www.orotbodega.com\/en\/the-company-2\/\"]}]},{\"@type\":\"BreadcrumbList\",\"@id\":\"https:\/\/www.orotbodega.com\/en\/the-company-2\/#breadcrumb\",\"itemListElement\":[{\"@type\":\"ListItem\",\"position\":1,\"name\":\"Home\",\"item\":\"https:\/\/www.orotbodega.com\/en\/\"},{\"@type\":\"ListItem\",\"position\":2,\"name\":\"The Company 2\"}]},{\"@type\":\"WebSite\",\"@id\":\"https:\/\/www.orotbodega.com\/#website\",\"url\":\"https:\/\/www.orotbodega.com\/\",\"name\":\"Bodegas Orot\",\"description\":\"BORNOS Bodegas &amp; Vi\u00f1edos\",\"publisher\":{\"@id\":\"https:\/\/www.orotbodega.com\/#organization\"},\"potentialAction\":[{\"@type\":\"SearchAction\",\"target\":{\"@type\":\"EntryPoint\",\"urlTemplate\":\"https:\/\/www.orotbodega.com\/?s={search_term_string}\"},\"query-input\":\"required name=search_term_string\"}],\"inLanguage\":\"en-US\"},{\"@type\":\"Organization\",\"@id\":\"https:\/\/www.orotbodega.com\/#organization\",\"name\":\"Orot Bodega\",\"url\":\"https:\/\/www.orotbodega.com\/\",\"logo\":{\"@type\":\"ImageObject\",\"inLanguage\":\"en-US\",\"@id\":\"https:\/\/www.orotbodega.com\/#\/schema\/logo\/image\/\",\"url\":\"https:\/\/www.orotbodega.com\/wp-content\/uploads\/2016\/09\/logo-orot-cabecera-retina-2.gif\",\"contentUrl\":\"https:\/\/www.orotbodega.com\/wp-content\/uploads\/2016\/09\/logo-orot-cabecera-retina-2.gif\",\"width\":266,\"height\":164,\"caption\":\"Orot Bodega\"},\"image\":{\"@id\":\"https:\/\/www.orotbodega.com\/#\/schema\/logo\/image\/\"},\"sameAs\":[\"https:\/\/www.facebook.com\/clubbornos\",\"https:\/\/twitter.com\/clubbornos\"]}]}<\/script>\n<!-- \/ Yoast SEO plugin. -->","yoast_head_json":{"title":"The Company 2 - Bodegas Orot","robots":{"index":"index","follow":"follow","max-snippet":"max-snippet:-1","max-image-preview":"max-image-preview:large","max-video-preview":"max-video-preview:-1"},"canonical":"https:\/\/www.orotbodega.com\/en\/the-company-2\/","og_locale":"en_US","og_type":"article","og_title":"The Company 2 - Bodegas Orot","og_description":"[vc_row full_width=&#8221;stretch_row_content_no_spaces&#8221; equal_height=&#8221;yes&#8221; content_placement=&#8221;middle&#8221; dot_nav=&#8221;yes&#8221; dot_nav_text=&#8221;Company 1&#8243; css=&#8221;.vc_custom_1472641095785{padding-top: 0px !important;padding-bottom: 0px !important;}&#8221; el_id=&#8221;Company 1&#8243;][vc_column width=&#8221;1\/2&#8243; css=&#8221;.vc_custom_1472640182283{background-image: url(http:\/\/www.orotbodega.com\/~meat\/wp-content\/uploads\/2016\/08\/blog-1.jpg?id=11) !important;background-position: center !important;background-repeat: no-repeat !important;background-size: cover !important;}&#8221;][\/vc_column][vc_column width=&#8221;1\/2&#8243; css=&#8221;.vc_custom_1472719713625{padding-top: 70px !important;padding-right: 15% !important;padding-bottom: 70px !important;padding-left: 15% !important;}&#8221;][vc_custom_heading text=&#8221;D.O. RUEDA&#8221; font_container=&#8221;tag:h5|font_size:16|text_align:center|color:%23af0537&#8243; google_fonts=&#8221;font_family:Raleway%3A100%2C200%2C300%2Cregular%2C500%2C600%2C700%2C800%2C900|font_style:300%20light%20regular%3A300%3Anormal&#8221; css=&#8221;.vc_custom_1472730810860{margin-bottom: 26px...","og_url":"https:\/\/www.orotbodega.com\/en\/the-company-2\/","og_site_name":"Bodegas Orot","article_publisher":"https:\/\/www.facebook.com\/clubbornos","article_modified_time":"2016-09-01T14:09:28+00:00","twitter_card":"summary_large_image","twitter_site":"@clubbornos","twitter_misc":{"Est. reading time":"6 minutes"},"schema":{"@context":"https:\/\/schema.org","@graph":[{"@type":"WebPage","@id":"https:\/\/www.orotbodega.com\/en\/the-company-2\/","url":"https:\/\/www.orotbodega.com\/en\/the-company-2\/","name":"The Company 2 - Bodegas Orot","isPartOf":{"@id":"https:\/\/www.orotbodega.com\/#website"},"datePublished":"2016-09-01T13:54:12+00:00","dateModified":"2016-09-01T14:09:28+00:00","breadcrumb":{"@id":"https:\/\/www.orotbodega.com\/en\/the-company-2\/#breadcrumb"},"inLanguage":"en-US","potentialAction":[{"@type":"ReadAction","target":["https:\/\/www.orotbodega.com\/en\/the-company-2\/"]}]},{"@type":"BreadcrumbList","@id":"https:\/\/www.orotbodega.com\/en\/the-company-2\/#breadcrumb","itemListElement":[{"@type":"ListItem","position":1,"name":"Home","item":"https:\/\/www.orotbodega.com\/en\/"},{"@type":"ListItem","position":2,"name":"The Company 2"}]},{"@type":"WebSite","@id":"https:\/\/www.orotbodega.com\/#website","url":"https:\/\/www.orotbodega.com\/","name":"Bodegas Orot","description":"BORNOS Bodegas &amp; Vi\u00f1edos","publisher":{"@id":"https:\/\/www.orotbodega.com\/#organization"},"potentialAction":[{"@type":"SearchAction","target":{"@type":"EntryPoint","urlTemplate":"https:\/\/www.orotbodega.com\/?s={search_term_string}"},"query-input":"required name=search_term_string"}],"inLanguage":"en-US"},{"@type":"Organization","@id":"https:\/\/www.orotbodega.com\/#organization","name":"Orot Bodega","url":"https:\/\/www.orotbodega.com\/","logo":{"@type":"ImageObject","inLanguage":"en-US","@id":"https:\/\/www.orotbodega.com\/#\/schema\/logo\/image\/","url":"https:\/\/www.orotbodega.com\/wp-content\/uploads\/2016\/09\/logo-orot-cabecera-retina-2.gif","contentUrl":"https:\/\/www.orotbodega.com\/wp-content\/uploads\/2016\/09\/logo-orot-cabecera-retina-2.gif","width":266,"height":164,"caption":"Orot Bodega"},"image":{"@id":"https:\/\/www.orotbodega.com\/#\/schema\/logo\/image\/"},"sameAs":["https:\/\/www.facebook.com\/clubbornos","https:\/\/twitter.com\/clubbornos"]}]}},"_links":{"self":[{"href":"https:\/\/www.orotbodega.com\/en\/wp-json\/wp\/v2\/pages\/125"}],"collection":[{"href":"https:\/\/www.orotbodega.com\/en\/wp-json\/wp\/v2\/pages"}],"about":[{"href":"https:\/\/www.orotbodega.com\/en\/wp-json\/wp\/v2\/types\/page"}],"author":[{"embeddable":true,"href":"https:\/\/www.orotbodega.com\/en\/wp-json\/wp\/v2\/users\/1"}],"replies":[{"embeddable":true,"href":"https:\/\/www.orotbodega.com\/en\/wp-json\/wp\/v2\/comments?post=125"}],"version-history":[{"count":3,"href":"https:\/\/www.orotbodega.com\/en\/wp-json\/wp\/v2\/pages\/125\/revisions"}],"predecessor-version":[{"id":127,"href":"https:\/\/www.orotbodega.com\/en\/wp-json\/wp\/v2\/pages\/125\/revisions\/127"}],"wp:attachment":[{"href":"https:\/\/www.orotbodega.com\/en\/wp-json\/wp\/v2\/media?parent=125"}],"curies":[{"name":"wp","href":"https:\/\/api.w.org\/{rel}","templated":true}]}}