{"id":35,"date":"2016-08-31T11:29:10","date_gmt":"2016-08-31T11:29:10","guid":{"rendered":"http:\/\/www.orotbodega.com\/~meat\/?page_id=35"},"modified":"2016-09-07T13:17:54","modified_gmt":"2016-09-07T13:17:54","slug":"quienes-somos","status":"publish","type":"page","link":"https:\/\/www.orotbodega.com\/en\/quienes-somos\/","title":{"rendered":"Quienes somos"},"content":{"rendered":"[vc_row full_width=&#8221;stretch_row&#8221; dot_nav=&#8221;yes&#8221; dot_nav_text=&#8221;El grupo&#8221; css=&#8221;.vc_custom_1473254142190{background-image: url(http:\/\/www.orotbodega.com\/~bornos\/wp-content\/uploads\/2016\/08\/vinos-colores-grupo.jpg?id=288) !important;background-position: center !important;background-repeat: no-repeat !important;background-size: cover !important;}&#8221; el_id=&#8221;Section 1&#8243;][vc_column width=&#8221;5\/12&#8243; css=&#8221;.vc_custom_1472724070948{padding-top: 60px !important;padding-right: 60px !important;padding-bottom: 60px !important;padding-left: 60px !important;background-color: #ffffff !important;}&#8221;][vc_custom_heading text=&#8221;GRUPO BORNOS&#8221; font_container=&#8221;tag:h1|font_size:40|text_align:left|color:%23c1ad89&#8243; google_fonts=&#8221;font_family:Oswald%3A300%2Cregular%2C700|font_style:300%20light%20regular%3A300%3Anormal&#8221;][vc_column_text]<strong>Grupo Bornos<\/strong> es un lugar com\u00fan que acoge a todas nuestras Bodegas, marcas, vi\u00f1edos y variedades de vino. Nace como imagen corporativa de un Grupo Vin\u00edcola en el que las diferentes Bodegas que lo integran mantienen su propia historia, personalidad y posicionamiento, pero, al mismo tiempo, todas ellas se rigen por una filosof\u00eda y m\u00e9todos de trabajo comunes, primando la calidad, innovaci\u00f3n, modernidad y b\u00fasqueda de la satisfacci\u00f3n del cliente. Es un Grupo que crece y cambia para adaptarse a las nuevas tendencias del mercado, a los gustos y necesidades de sus clientes.[\/vc_column_text][\/vc_column][vc_column width=&#8221;7\/12&#8243;][\/vc_column][\/vc_row][vc_row full_width=&#8221;stretch_row_content_no_spaces&#8221; dot_nav=&#8221;yes&#8221; dot_nav_text=&#8221;Las zonas&#8221; el_id=&#8221;Section 2&#8243; css=&#8221;.vc_custom_1473254252997{padding-top: 0px !important;padding-bottom: 0px !important;}&#8221;][vc_column css=&#8221;.vc_custom_1472646158357{margin-top: 0px !important;margin-bottom: 0px !important;padding-top: 0px !important;padding-bottom: 0px !important;}&#8221;][vc_column_text css=&#8221;.vc_custom_1472646150307{margin-top: 0px !important;margin-bottom: 0px !important;}&#8221;]\r\n            \r\n            \r\n            \r\n            <a name='map1'><\/a>\r\n            \r\n            \r\n            \r\n            \r\n            <div class=\"wpgmza_map \"  id=\"wpgmza_map_1\" style=\"display:block; overflow:auto; width:100%; height:750px; float:left;\" data-settings='{\"id\":\"1\",\"map_title\":\"My first map\",\"map_width\":\"100\",\"map_height\":\"750\",\"map_start_lat\":\"41.528454\",\"map_start_lng\":\"-5.370929\",\"map_start_location\":\"41.52845351194549,-5.370928829766168\",\"map_start_zoom\":\"15\",\"default_marker\":\"0\",\"type\":\"2\",\"alignment\":\"1\",\"directions_enabled\":\"1\",\"styling_enabled\":\"0\",\"styling_json\":\"\",\"active\":\"0\",\"kml\":\"\",\"bicycle\":\"0\",\"traffic\":\"0\",\"dbox\":\"1\",\"dbox_width\":\"100\",\"listmarkers\":\"0\",\"listmarkers_advanced\":\"0\",\"filterbycat\":\"0\",\"ugm_enabled\":\"0\",\"ugm_category_enabled\":\"0\",\"fusion\":\"\",\"map_width_type\":\"\\\\%\",\"map_height_type\":\"px\",\"mass_marker_support\":\"1\",\"ugm_access\":\"0\",\"order_markers_by\":\"1\",\"order_markers_choice\":\"2\",\"show_user_location\":\"2\",\"default_to\":\"\",\"other_settings\":{\"wpgmza_store_locator_restrict\":\"es\",\"store_locator_bounce\":1,\"store_locator_query_string\":\"ZIP \\\/ Address:\",\"store_locator_name_string\":\"Title \\\/ Description:\",\"wpgmza_dbox_width_type\":\"%\",\"map_max_zoom\":\"1\",\"map_min_zoom\":\"21\",\"sl_stroke_color\":\"FF0000\",\"sl_stroke_opacity\":\"0.25\",\"sl_fill_color\":\"FF0000\",\"sl_fill_opacity\":\"0.15\",\"click_open_link\":2,\"transport_layer\":0,\"iw_primary_color\":\"2A3744\",\"iw_accent_color\":\"252F3A\",\"iw_text_color\":\"FFFFFF\",\"wpgmza_iw_type\":\"0\",\"list_markers_by\":\"0\",\"push_in_map\":\"\",\"push_in_map_placement\":\"9\",\"wpgmza_push_in_map_width\":\"\",\"wpgmza_push_in_map_height\":\"\",\"wpgmza_theme_data\":\"[{\\\\\\\"featureType\\\\\\\":\\\\\\\"administrative.locality\\\\\\\",\\\\\\\"elementType\\\\\\\":\\\\\\\"all\\\\\\\",\\\\\\\"stylers\\\\\\\":[{\\\\\\\"hue\\\\\\\":\\\\\\\"#2c2e33\\\\\\\"},{\\\\\\\"saturation\\\\\\\":7},{\\\\\\\"lightness\\\\\\\":19},{\\\\\\\"visibility\\\\\\\":\\\\\\\"on\\\\\\\"}]},{\\\\\\\"featureType\\\\\\\":\\\\\\\"landscape\\\\\\\",\\\\\\\"elementType\\\\\\\":\\\\\\\"all\\\\\\\",\\\\\\\"stylers\\\\\\\":[{\\\\\\\"hue\\\\\\\":\\\\\\\"#ffffff\\\\\\\"},{\\\\\\\"saturation\\\\\\\":-100},{\\\\\\\"lightness\\\\\\\":100},{\\\\\\\"visibility\\\\\\\":\\\\\\\"simplified\\\\\\\"}]},{\\\\\\\"featureType\\\\\\\":\\\\\\\"poi\\\\\\\",\\\\\\\"elementType\\\\\\\":\\\\\\\"all\\\\\\\",\\\\\\\"stylers\\\\\\\":[{\\\\\\\"hue\\\\\\\":\\\\\\\"#ffffff\\\\\\\"},{\\\\\\\"saturation\\\\\\\":-100},{\\\\\\\"lightness\\\\\\\":100},{\\\\\\\"visibility\\\\\\\":\\\\\\\"off\\\\\\\"}]},{\\\\\\\"featureType\\\\\\\":\\\\\\\"road\\\\\\\",\\\\\\\"elementType\\\\\\\":\\\\\\\"geometry\\\\\\\",\\\\\\\"stylers\\\\\\\":[{\\\\\\\"hue\\\\\\\":\\\\\\\"#bbc0c4\\\\\\\"},{\\\\\\\"saturation\\\\\\\":-93},{\\\\\\\"lightness\\\\\\\":31},{\\\\\\\"visibility\\\\\\\":\\\\\\\"simplified\\\\\\\"}]},{\\\\\\\"featureType\\\\\\\":\\\\\\\"road\\\\\\\",\\\\\\\"elementType\\\\\\\":\\\\\\\"labels\\\\\\\",\\\\\\\"stylers\\\\\\\":[{\\\\\\\"hue\\\\\\\":\\\\\\\"#bbc0c4\\\\\\\"},{\\\\\\\"saturation\\\\\\\":-93},{\\\\\\\"lightness\\\\\\\":31},{\\\\\\\"visibility\\\\\\\":\\\\\\\"on\\\\\\\"}]},{\\\\\\\"featureType\\\\\\\":\\\\\\\"road.arterial\\\\\\\",\\\\\\\"elementType\\\\\\\":\\\\\\\"labels\\\\\\\",\\\\\\\"stylers\\\\\\\":[{\\\\\\\"hue\\\\\\\":\\\\\\\"#bbc0c4\\\\\\\"},{\\\\\\\"saturation\\\\\\\":-93},{\\\\\\\"lightness\\\\\\\":-2},{\\\\\\\"visibility\\\\\\\":\\\\\\\"simplified\\\\\\\"}]},{\\\\\\\"featureType\\\\\\\":\\\\\\\"road.local\\\\\\\",\\\\\\\"elementType\\\\\\\":\\\\\\\"geometry\\\\\\\",\\\\\\\"stylers\\\\\\\":[{\\\\\\\"hue\\\\\\\":\\\\\\\"#e9ebed\\\\\\\"},{\\\\\\\"saturation\\\\\\\":-90},{\\\\\\\"lightness\\\\\\\":-8},{\\\\\\\"visibility\\\\\\\":\\\\\\\"simplified\\\\\\\"}]},{\\\\\\\"featureType\\\\\\\":\\\\\\\"transit\\\\\\\",\\\\\\\"elementType\\\\\\\":\\\\\\\"all\\\\\\\",\\\\\\\"stylers\\\\\\\":[{\\\\\\\"hue\\\\\\\":\\\\\\\"#e9ebed\\\\\\\"},{\\\\\\\"saturation\\\\\\\":10},{\\\\\\\"lightness\\\\\\\":69},{\\\\\\\"visibility\\\\\\\":\\\\\\\"on\\\\\\\"}]},{\\\\\\\"featureType\\\\\\\":\\\\\\\"water\\\\\\\",\\\\\\\"elementType\\\\\\\":\\\\\\\"all\\\\\\\",\\\\\\\"stylers\\\\\\\":[{\\\\\\\"hue\\\\\\\":\\\\\\\"#e9ebed\\\\\\\"},{\\\\\\\"saturation\\\\\\\":-78},{\\\\\\\"lightness\\\\\\\":67},{\\\\\\\"visibility\\\\\\\":\\\\\\\"simplified\\\\\\\"}]}]\",\"wpgmza_theme_selection\":7,\"upload_default_ul_marker\":\"\",\"upload_default_sl_marker\":\"\",\"shortcodeAttributes\":{\"id\":\"1\"}}}' data-map-id='1' data-shortcode-attributes='{\"id\":\"1\"}'> <\/div>\r\n            \r\n               \r\n        <div style=\"display:block; width:100%;\">\r\n\t\t\t\t\r\n\t\t\t\t<div class=\"wpgmza-directions-box wpgmaps_directions_outer_div\" data-map-id=\"1\" style=\"width:100%;display:none;clear:both;\" id=\"wpgmaps_directions_edit_1\">\n\t<h2 class=\"wpgmza-directions-box__title\">Get Directions<\/h2>\n\t\n\t<div class=\"wpgmza-directions-box-inner\" id=\"wpgmaps_directions_editbox_1\">\n\t\t<div class=\"wpgmza-directions-actions wpgmza-form-field\">\n\t\t\t<div class=\"wpgmza-directions__travel-mode\">\n\t\t\t\t<span class=\"wpgmza-travel-mode-option wpgmza-travel-option__selected\" data-mode=\"driving\">\n\t\t\t\t\t<img src=\"https:\/\/www.orotbodega.com\/wp-content\/plugins\/wp-google-maps-pro\/images\/icons\/directions_car.png\">\n\t\t\t\t<\/span>\n\t\t\t\t<span class=\"wpgmza-travel-mode-option\" data-mode=\"walking\">\n\t\t\t\t\t<img src=\"https:\/\/www.orotbodega.com\/wp-content\/plugins\/wp-google-maps-pro\/images\/icons\/directions_walking.png\">\n\t\t\t\t<\/span>\n\t\t\t\t<span class=\"wpgmza-travel-mode-option\" data-mode=\"transit\">\n\t\t\t\t\t<img src=\"https:\/\/www.orotbodega.com\/wp-content\/plugins\/wp-google-maps-pro\/images\/icons\/directions_transit.png\">\n\t\t\t\t<\/span>\n\t\t\t\t<span class=\"wpgmza-travel-mode-option\" data-mode=\"bicycling\">\n\t\t\t\t\t<img src=\"https:\/\/www.orotbodega.com\/wp-content\/plugins\/wp-google-maps-pro\/images\/icons\/directions_bike.png\">\n\t\t\t\t<\/span>\n\t\t\t<\/div>\n\n\t\t\t<div class=\"wpgmza-directions-locations\">\n\t\t\t\t<div class=\"wpgmza-directions-from wpgmza-form-field\">\n\n\t\t\t\t\t<i class=\"wpgmza-directions-from__icon fa fa-circle\"><\/i>\n\t\t\t\n\t\t\t\t\t<label class=\"wpgmza-form-field__label\" for=\"wpgmza_input_from_1\">\n\t\t\t\t\t\tFrom\t\t\t\t\t<\/label>\n\t\t\t\t\t\n\t\t\t\t\t<input class=\"wpgmza-address wpgmza-directions-from wpgmza-form-field__input\" type=\"text\" placeholder=\"From\" value=\"\" id=\"wpgmza_input_from_1\">\n\t\t\t\t\n\t\t\t\t<\/div>\n\n\t\t\t\t<div class=\"wpgmza-directions-to wpgmza-form-field wpgmaps_to_row\">\n\n\t\t\t\t\t<i class=\"wpgmza-directions-to__icon fa fas fa-map-marker\"><\/i>\n\n\t\t\t\t\t<label class=\"wpgmza-form-field__label\" for=\"wpgmza_input_to_1\">\n\t\t\t\t\t\tTo\t\t\t\t\t<\/label>\n\t\t\t\t\t<input class=\"wpgmza-address wpgmza-form-field__input wpgmza-directions-to\" type=\"text\" placeholder=\"To\" value=\"\" id=\"wpgmza_input_to_1\">\n\t\t\t\t<\/div>\n\t\t\t\t\n\t\t\t\t<div class=\"wpgmza-waypoint-via wpgmza-form-field wpgmza-form-field--no-pad wpgmaps_via wpgmaps_template\">\n\n\t\t\t\t\t<i class=\"wpgmza-directions-from__icon fa fa-circle\"><\/i>\n\t\t\t\t\n\t\t\t\t\t<input class=\"wpgmza-waypoint-via wpgmza-form-field__input wpgmaps_via\" type=\"text\" placeholder=\"Via\">\n\t\t\t\t\t\n\t\t\t\t\t<button href=\"javascript:%20;\" class=\"wpgmza_remove_via\">\n\t\t\t\t\t\t<i class=\"fa fa-times\"><\/i>\n\t\t\t\t\t<\/button>\n\t\t\t\t\t\n\t\t\t\t<\/div>\n\t\t\t\t\n\t\t\t\t<div class=\"wpgmza-add-waypoint wpgmza-form-field wpgmza-form-field--no-pad wpgmaps_add_waypoint\">\n\t\t\t\t\t<div class=\"wpgmaps_add_waypoint\">\n\t\t\t\t\t\t<a href=\"javascript:%20;\" class=\"wpgmaps_add_waypoint\" mapid=\"1\">\n\t\t\t\t\t\t\t<i class=\"fa fa-plus-circle\" aria-hidden=\"true\"><\/i>\n\t\t\t\t\t\t\tAdd Waypoint\t\t\t\t\t\t<\/a>\n\t\t\t\t\t<\/div>\n\t\t\t\t<\/div>\n\t\t\t<\/div>\n\n\t\t\t<div class=\"wpgmza-hidden\">\n\t\t\t<label class=\"wpgmza-travel-mode wpgmza-form-field__label\" for=\"wpgmza_dir_type_1\">\n\t\t\t\tFor\t\t\t<\/label>\n\t\t\t<select class=\"wpgmza-travel-mode wpgmza-form-field__input\" name=\"wpgmza_dir_type_1\" id=\"wpgmza_dir_type_1\">\n\t\t\t\t<option value=\"driving\">\n\t\t\t\t\tDriving\t\t\t\t<\/option>\n\t\t\t\t<option value=\"walking\">\n\t\t\t\t\tWalking\t\t\t\t<\/option>\n\t\t\t\t<option value=\"transit\">\n\t\t\t\t\tTransit\t\t\t\t<\/option>\n\t\t\t\t<option value=\"bicycling\">\n\t\t\t\t\tBicycling\t\t\t\t<\/option>\n\t\t\t<\/select>\n\t\t\t<\/div>\n\t\t<\/div>\n\t\t\t\n\t\t<div class=\"wpgmza-directions-options__section\">\n\t\t\t<a href=\"javascript:;\" class=\"wpgmza-show-directions-options\" id=\"wpgmza_show_options_1\" mapid=\"1\">\n\t\t\t\tshow options\t\t\t<\/a>\n\t\t\t\n\t\t\t<a href=\"javascript:;\" class=\"wpgmza-hide-directions-options\" id=\"wpgmza_hide_options_1\" mapid=\"1\">\n\t\t\t\thide options\t\t\t<\/a>\n\t\t\t\n\t\t\t<div class=\"wpgmza-directions-options wpgmza-form-field wpgmza-form-field--no-pad wpgmza_dir_options\">\n\t\t\t\t<label class=\"class\">\n\t\t\t\t\t<input type=\"checkbox\" class=\"wpgmza-avoid-tolls\" value=\"tolls\" name=\"wpgmza_tolls_1\" id=\"wpgmza_tolls_1\">\n\t\t\t\t\tAvoid Tolls\t\t\t\t<\/label>\n\t\t\t\t<label class=\"class\">\n\t\t\t\t\t<input type=\"checkbox\" class=\"wpgmza-avoid-highways\" value=\"highways\" name=\"wpgmza_highways_1\" id=\"wpgmza_highways_1\">\n\t\t\t\t\tAvoid Highways\t\t\t\t<\/label>\n\t\t\t\t<label class=\"class\">\n\t\t\t\t\t<input type=\"checkbox\" class=\"wpgmza-avoid-ferries\" value=\"ferries\" name=\"wpgmza_ferries_1\" id=\"wpgmza_ferries_1\">\n\t\t\t\t\tAvoid Ferries\t\t\t\t<\/label>\n\t\t\t<\/div>\n\t\t<\/div>\n\t\t\n\t<\/div>\n\t\n\t<div class=\"wpgmza-directions-buttons wpgmza-form-field wpgmaps_to_row\">\n\t\t<input class=\"wpgmza-get-directions wpgmaps_get_directions\" onclick=\"javascript: ;\" type=\"button\" value=\"Go\" id=\"1\">\n\t\t\n\t\t<span class=\"wpgmza-directions-result__buttons\">\n\t\t\t<a class=\"wpgmza-print-directions\" style=\"display: none;\" onclick=\"javascript: ;\" mapid=\"1\">\n\t\t\t\tPrint directions\t\t\t<\/a>\n\t\t\t\n\t\t\t<a class=\"wpgmza-reset-directions\" style=\"display: none;\" onclick=\"javascript: ;\" mapid=\"1\">\n\t\t\t\tReset directions\t\t\t<\/a>\n\t\t<\/span>\n\t<\/div>\n<\/div>\r\n\t\t\t\t\r\n\t\t\t\t<div id=\"wpgmaps_directions_notification_1\" style=\"display:none;\">Fetching directions......<\/div>\r\n\t\t\t\t\r\n\t\t\t\t<div id=\"wpgmaps_directions_reset_1\" style=\"display:none;\">\r\n\r\n\t\t\t\t\t<a href='javascript:void(0)' onclick='wpgmza_reset_directions(1);' id='wpgmaps_reset_directions' title='Reset directions'>Reset directions<\/a>\r\n\t\t\t\t\t<br \/>\r\n\t\t\t\t\t<a href='javascript: ;' id='wpgmaps_print_directions_1' target='_blank' title='Print directions'>Print directions<\/a>\r\n\t\t\t\t<\/div>\r\n\t\t\t\t\r\n\t\t\t\t<div id=\"directions_panel_1\"><\/div>\r\n\r\n\t\t\t<\/div>[\/vc_column_text][vc_row_inner el_class=&#8221;map-content-wrap&#8221;][vc_column_inner width=&#8221;7\/12&#8243;][\/vc_column_inner][vc_column_inner el_class=&#8221;map-content&#8221; width=&#8221;5\/12&#8243; css=&#8221;.vc_custom_1472724440449{padding-top: 60px !important;padding-right: 60px !important;padding-bottom: 60px !important;padding-left: 60px !important;background-color: #020202 !important;}&#8221;][vc_custom_heading text=&#8221;LAS ZONAS&#8221; font_container=&#8221;tag:h1|font_size:40|text_align:left|color:%23c1ad89&#8243; google_fonts=&#8221;font_family:Oswald%3A300%2Cregular%2C700|font_style:300%20light%20regular%3A300%3Anormal&#8221;][vc_column_text]Grupo Bornos re\u00fane a cinco zonas vin\u00edcolas, Navarra, Ribera del Queiles, Rueda, Toro y Ribera del Duero, y cinco Bodegas, Se\u00f1or\u00edo de Sarr\u00eda, Guelbenzu, Palacio de Bornos, Toresanas y Dominio de Bornos.[\/vc_column_text][vc_btn title=&#8221;CONOCE LAS BODEGAS&#8221; style=&#8221;flat&#8221; color=&#8221;chino&#8221; link=&#8221;url:%23|||&#8221;][\/vc_column_inner][\/vc_row_inner][\/vc_column][\/vc_row]\n","protected":false},"excerpt":{"rendered":"<p>[vc_row full_width=&#8221;stretch_row&#8221; dot_nav=&#8221;yes&#8221; dot_nav_text=&#8221;El grupo&#8221; css=&#8221;.vc_custom_1473254142190{background-image: url(http:\/\/www.orotbodega.com\/~bornos\/wp-content\/uploads\/2016\/08\/vinos-colores-grupo.jpg?id=288) !important;background-position: center !important;background-repeat: no-repeat !important;background-size: cover !important;}&#8221; el_id=&#8221;Section 1&#8243;][vc_column width=&#8221;5\/12&#8243; css=&#8221;.vc_custom_1472724070948{padding-top: 60px !important;padding-right: 60px !important;padding-bottom: 60px !important;padding-left: 60px !important;background-color: #ffffff !important;}&#8221;][vc_custom_heading text=&#8221;GRUPO BORNOS&#8221; font_container=&#8221;tag:h1|font_size:40|text_align:left|color:%23c1ad89&#8243; google_fonts=&#8221;font_family:Oswald%3A300%2Cregular%2C700|font_style:300%20light%20regular%3A300%3Anormal&#8221;][vc_column_text]Grupo Bornos es un lugar com\u00fan que acoge a&#8230;<\/p>\n","protected":false},"author":1,"featured_media":0,"parent":0,"menu_order":0,"comment_status":"closed","ping_status":"closed","template":"","meta":[],"yoast_head":"<!-- This site is optimized with the Yoast SEO plugin v20.10 - https:\/\/yoast.com\/wordpress\/plugins\/seo\/ -->\n<title>Quienes somos - Bodegas Orot<\/title>\n<meta name=\"robots\" content=\"index, follow, max-snippet:-1, max-image-preview:large, max-video-preview:-1\" \/>\n<link rel=\"canonical\" href=\"https:\/\/www.orotbodega.com\/en\/quienes-somos\/\" \/>\n<meta property=\"og:locale\" content=\"en_US\" \/>\n<meta property=\"og:type\" content=\"article\" \/>\n<meta property=\"og:title\" content=\"Quienes somos - Bodegas Orot\" \/>\n<meta property=\"og:description\" content=\"[vc_row full_width=&#8221;stretch_row&#8221; dot_nav=&#8221;yes&#8221; dot_nav_text=&#8221;El grupo&#8221; css=&#8221;.vc_custom_1473254142190{background-image: url(http:\/\/www.orotbodega.com\/~bornos\/wp-content\/uploads\/2016\/08\/vinos-colores-grupo.jpg?id=288) !important;background-position: center !important;background-repeat: no-repeat !important;background-size: cover !important;}&#8221; el_id=&#8221;Section 1&#8243;][vc_column width=&#8221;5\/12&#8243; css=&#8221;.vc_custom_1472724070948{padding-top: 60px !important;padding-right: 60px !important;padding-bottom: 60px !important;padding-left: 60px !important;background-color: #ffffff !important;}&#8221;][vc_custom_heading text=&#8221;GRUPO BORNOS&#8221; font_container=&#8221;tag:h1|font_size:40|text_align:left|color:%23c1ad89&#8243; google_fonts=&#8221;font_family:Oswald%3A300%2Cregular%2C700|font_style:300%20light%20regular%3A300%3Anormal&#8221;][vc_column_text]Grupo Bornos es un lugar com\u00fan que acoge a...\" \/>\n<meta property=\"og:url\" content=\"https:\/\/www.orotbodega.com\/en\/quienes-somos\/\" \/>\n<meta property=\"og:site_name\" content=\"Bodegas Orot\" \/>\n<meta property=\"article:publisher\" content=\"https:\/\/www.facebook.com\/clubbornos\" \/>\n<meta property=\"article:modified_time\" content=\"2016-09-07T13:17:54+00:00\" \/>\n<meta name=\"twitter:card\" content=\"summary_large_image\" \/>\n<meta name=\"twitter:site\" content=\"@clubbornos\" \/>\n<meta name=\"twitter:label1\" content=\"Est. reading time\" \/>\n\t<meta name=\"twitter:data1\" content=\"2 minutes\" \/>\n<script type=\"application\/ld+json\" class=\"yoast-schema-graph\">{\"@context\":\"https:\/\/schema.org\",\"@graph\":[{\"@type\":\"WebPage\",\"@id\":\"https:\/\/www.orotbodega.com\/en\/quienes-somos\/\",\"url\":\"https:\/\/www.orotbodega.com\/en\/quienes-somos\/\",\"name\":\"Quienes somos - Bodegas Orot\",\"isPartOf\":{\"@id\":\"https:\/\/www.orotbodega.com\/#website\"},\"datePublished\":\"2016-08-31T11:29:10+00:00\",\"dateModified\":\"2016-09-07T13:17:54+00:00\",\"breadcrumb\":{\"@id\":\"https:\/\/www.orotbodega.com\/en\/quienes-somos\/#breadcrumb\"},\"inLanguage\":\"en-US\",\"potentialAction\":[{\"@type\":\"ReadAction\",\"target\":[\"https:\/\/www.orotbodega.com\/en\/quienes-somos\/\"]}]},{\"@type\":\"BreadcrumbList\",\"@id\":\"https:\/\/www.orotbodega.com\/en\/quienes-somos\/#breadcrumb\",\"itemListElement\":[{\"@type\":\"ListItem\",\"position\":1,\"name\":\"Home\",\"item\":\"https:\/\/www.orotbodega.com\/en\/\"},{\"@type\":\"ListItem\",\"position\":2,\"name\":\"Quienes somos\"}]},{\"@type\":\"WebSite\",\"@id\":\"https:\/\/www.orotbodega.com\/#website\",\"url\":\"https:\/\/www.orotbodega.com\/\",\"name\":\"Bodegas Orot\",\"description\":\"BORNOS Bodegas &amp; Vi\u00f1edos\",\"publisher\":{\"@id\":\"https:\/\/www.orotbodega.com\/#organization\"},\"potentialAction\":[{\"@type\":\"SearchAction\",\"target\":{\"@type\":\"EntryPoint\",\"urlTemplate\":\"https:\/\/www.orotbodega.com\/?s={search_term_string}\"},\"query-input\":\"required name=search_term_string\"}],\"inLanguage\":\"en-US\"},{\"@type\":\"Organization\",\"@id\":\"https:\/\/www.orotbodega.com\/#organization\",\"name\":\"Orot Bodega\",\"url\":\"https:\/\/www.orotbodega.com\/\",\"logo\":{\"@type\":\"ImageObject\",\"inLanguage\":\"en-US\",\"@id\":\"https:\/\/www.orotbodega.com\/#\/schema\/logo\/image\/\",\"url\":\"https:\/\/www.orotbodega.com\/wp-content\/uploads\/2016\/09\/logo-orot-cabecera-retina-2.gif\",\"contentUrl\":\"https:\/\/www.orotbodega.com\/wp-content\/uploads\/2016\/09\/logo-orot-cabecera-retina-2.gif\",\"width\":266,\"height\":164,\"caption\":\"Orot Bodega\"},\"image\":{\"@id\":\"https:\/\/www.orotbodega.com\/#\/schema\/logo\/image\/\"},\"sameAs\":[\"https:\/\/www.facebook.com\/clubbornos\",\"https:\/\/twitter.com\/clubbornos\"]}]}<\/script>\n<!-- \/ Yoast SEO plugin. -->","yoast_head_json":{"title":"Quienes somos - Bodegas Orot","robots":{"index":"index","follow":"follow","max-snippet":"max-snippet:-1","max-image-preview":"max-image-preview:large","max-video-preview":"max-video-preview:-1"},"canonical":"https:\/\/www.orotbodega.com\/en\/quienes-somos\/","og_locale":"en_US","og_type":"article","og_title":"Quienes somos - Bodegas Orot","og_description":"[vc_row full_width=&#8221;stretch_row&#8221; dot_nav=&#8221;yes&#8221; dot_nav_text=&#8221;El grupo&#8221; css=&#8221;.vc_custom_1473254142190{background-image: url(http:\/\/www.orotbodega.com\/~bornos\/wp-content\/uploads\/2016\/08\/vinos-colores-grupo.jpg?id=288) !important;background-position: center !important;background-repeat: no-repeat !important;background-size: cover !important;}&#8221; el_id=&#8221;Section 1&#8243;][vc_column width=&#8221;5\/12&#8243; css=&#8221;.vc_custom_1472724070948{padding-top: 60px !important;padding-right: 60px !important;padding-bottom: 60px !important;padding-left: 60px !important;background-color: #ffffff !important;}&#8221;][vc_custom_heading text=&#8221;GRUPO BORNOS&#8221; font_container=&#8221;tag:h1|font_size:40|text_align:left|color:%23c1ad89&#8243; google_fonts=&#8221;font_family:Oswald%3A300%2Cregular%2C700|font_style:300%20light%20regular%3A300%3Anormal&#8221;][vc_column_text]Grupo Bornos es un lugar com\u00fan que acoge a...","og_url":"https:\/\/www.orotbodega.com\/en\/quienes-somos\/","og_site_name":"Bodegas Orot","article_publisher":"https:\/\/www.facebook.com\/clubbornos","article_modified_time":"2016-09-07T13:17:54+00:00","twitter_card":"summary_large_image","twitter_site":"@clubbornos","twitter_misc":{"Est. reading time":"2 minutes"},"schema":{"@context":"https:\/\/schema.org","@graph":[{"@type":"WebPage","@id":"https:\/\/www.orotbodega.com\/en\/quienes-somos\/","url":"https:\/\/www.orotbodega.com\/en\/quienes-somos\/","name":"Quienes somos - Bodegas Orot","isPartOf":{"@id":"https:\/\/www.orotbodega.com\/#website"},"datePublished":"2016-08-31T11:29:10+00:00","dateModified":"2016-09-07T13:17:54+00:00","breadcrumb":{"@id":"https:\/\/www.orotbodega.com\/en\/quienes-somos\/#breadcrumb"},"inLanguage":"en-US","potentialAction":[{"@type":"ReadAction","target":["https:\/\/www.orotbodega.com\/en\/quienes-somos\/"]}]},{"@type":"BreadcrumbList","@id":"https:\/\/www.orotbodega.com\/en\/quienes-somos\/#breadcrumb","itemListElement":[{"@type":"ListItem","position":1,"name":"Home","item":"https:\/\/www.orotbodega.com\/en\/"},{"@type":"ListItem","position":2,"name":"Quienes somos"}]},{"@type":"WebSite","@id":"https:\/\/www.orotbodega.com\/#website","url":"https:\/\/www.orotbodega.com\/","name":"Bodegas Orot","description":"BORNOS Bodegas &amp; Vi\u00f1edos","publisher":{"@id":"https:\/\/www.orotbodega.com\/#organization"},"potentialAction":[{"@type":"SearchAction","target":{"@type":"EntryPoint","urlTemplate":"https:\/\/www.orotbodega.com\/?s={search_term_string}"},"query-input":"required name=search_term_string"}],"inLanguage":"en-US"},{"@type":"Organization","@id":"https:\/\/www.orotbodega.com\/#organization","name":"Orot Bodega","url":"https:\/\/www.orotbodega.com\/","logo":{"@type":"ImageObject","inLanguage":"en-US","@id":"https:\/\/www.orotbodega.com\/#\/schema\/logo\/image\/","url":"https:\/\/www.orotbodega.com\/wp-content\/uploads\/2016\/09\/logo-orot-cabecera-retina-2.gif","contentUrl":"https:\/\/www.orotbodega.com\/wp-content\/uploads\/2016\/09\/logo-orot-cabecera-retina-2.gif","width":266,"height":164,"caption":"Orot Bodega"},"image":{"@id":"https:\/\/www.orotbodega.com\/#\/schema\/logo\/image\/"},"sameAs":["https:\/\/www.facebook.com\/clubbornos","https:\/\/twitter.com\/clubbornos"]}]}},"_links":{"self":[{"href":"https:\/\/www.orotbodega.com\/en\/wp-json\/wp\/v2\/pages\/35"}],"collection":[{"href":"https:\/\/www.orotbodega.com\/en\/wp-json\/wp\/v2\/pages"}],"about":[{"href":"https:\/\/www.orotbodega.com\/en\/wp-json\/wp\/v2\/types\/page"}],"author":[{"embeddable":true,"href":"https:\/\/www.orotbodega.com\/en\/wp-json\/wp\/v2\/users\/1"}],"replies":[{"embeddable":true,"href":"https:\/\/www.orotbodega.com\/en\/wp-json\/wp\/v2\/comments?post=35"}],"version-history":[{"count":19,"href":"https:\/\/www.orotbodega.com\/en\/wp-json\/wp\/v2\/pages\/35\/revisions"}],"predecessor-version":[{"id":289,"href":"https:\/\/www.orotbodega.com\/en\/wp-json\/wp\/v2\/pages\/35\/revisions\/289"}],"wp:attachment":[{"href":"https:\/\/www.orotbodega.com\/en\/wp-json\/wp\/v2\/media?parent=35"}],"curies":[{"name":"wp","href":"https:\/\/api.w.org\/{rel}","templated":true}]}}